{"id":155,"date":"2019-03-01T14:20:48","date_gmt":"2019-03-01T13:20:48","guid":{"rendered":"https:\/\/diegoldkinder.de\/website_2019\/impressum\/"},"modified":"2024-12-20T10:15:59","modified_gmt":"2024-12-20T09:15:59","slug":"legal-notice","status":"publish","type":"page","link":"https:\/\/diegoldkinder.de\/en\/legal-notice\/","title":{"rendered":"Legal notice"},"content":{"rendered":"<p><strong>Angaben gem\u00e4\u00df \u00a7 5 TMG:<br \/>\n<\/strong>Die Goldkinder GmbH<\/p>\n<p><strong>Postanschrift:<br \/>\n<\/strong>Dircksenstra\u00dfe 41<br \/>\n10178 Berlin<\/p>\n<p><strong>Kontakt:<br \/>\n<\/strong>Telefon: +49 (0)30 284 491 89<br \/>\nE-Mail: mail@diegoldkinder.de<\/p>\n<p><strong>Vertreten durch:<br \/>\n<\/strong>Ivo Basil Gadea<\/p>\n<p><strong>Eingetragen am<br \/>\n<\/strong>AG Charlottenburg<br \/>\nHRB 137123B<\/p>\n<p><strong>Umsatzsteuer-Identifikationsnummer<br \/>\n<\/strong>USt-IdNr.: DE279554763<\/p>\n<p><strong>Die Berufshaftpflichtversicherung wurde abgeschlossen bei:<br \/>\n<\/strong>N\u00fcrnberger Versicherung<br \/>\n90334 N\u00fcrnberg<\/p>\n<p><strong>Geltungsbereich des Versicherungsschutzes:<br \/>\n<\/strong>Versicherungssummen<br \/>\nPersonensch\u00e4den 2 Mio. \u20ac<br \/>\nSachsch\u00e4den 1 Mio.\u20ac<br \/>\nVerm\u00f6genssch\u00e4den 100.000 \u20ac<\/p>\n<h2>Hinweise zur Website<\/h2>\n<p><strong>Information gem\u00e4\u00df \u00a7 36 VSBG<\/strong><\/p>\n<p>Gem\u00e4\u00df \u00a7 36 VSBG (Verbraucherstreitbeilegungsgesetz \u2013 Gesetz \u00fcber die alternative Streitbeilegung in Verbrauchersachen) erkl\u00e4rt der Betreiber dieser Website:<\/p>\n<p>Wir sind weder bereit noch verpflichtet, an Streitbeilegungsverfahren vor einer Verbraucherschlichtungsstelle teilzunehmen.<\/p>\n<p><em>Das Impressum wurde mit dem <a href=\"https:\/\/www.activemind.de\/datenschutz\/impressums-generator\/\">Impressums-Generator der activeMind AG<\/a> erstellt.<\/em><\/p>\n","protected":false},"excerpt":{"rendered":"<p>Angaben gem\u00e4\u00df \u00a7 5 TMG: Die Goldkinder GmbH Postanschrift: Dircksenstra\u00dfe 41 10178 Berlin Kontakt: Telefon: +49 (0)30 284 491 89 E-Mail: mail@diegoldkinder.de Vertreten durch: Ivo Basil Gadea Eingetragen am AG Charlottenburg HRB 137123B Umsatzsteuer-Identifikationsnummer USt-IdNr.: DE279554763 Die Berufshaftpflichtversicherung wurde abgeschlossen bei: N\u00fcrnberger Versicherung 90334 N\u00fcrnberg Geltungsbereich des Versicherungsschutzes: Versicherungssummen Personensch\u00e4den [&hellip;]<\/p>\n","protected":false},"author":1,"featured_media":0,"parent":0,"menu_order":0,"comment_status":"closed","ping_status":"closed","template":"","meta":{"_acf_changed":false,"footnotes":""},"class_list":["post-155","page","type-page","status-publish","hentry"],"acf":[],"_links":{"self":[{"href":"https:\/\/diegoldkinder.de\/en\/wp-json\/wp\/v2\/pages\/155","targetHints":{"allow":["GET"]}}],"collection":[{"href":"https:\/\/diegoldkinder.de\/en\/wp-json\/wp\/v2\/pages"}],"about":[{"href":"https:\/\/diegoldkinder.de\/en\/wp-json\/wp\/v2\/types\/page"}],"author":[{"embeddable":true,"href":"https:\/\/diegoldkinder.de\/en\/wp-json\/wp\/v2\/users\/1"}],"replies":[{"embeddable":true,"href":"https:\/\/diegoldkinder.de\/en\/wp-json\/wp\/v2\/comments?post=155"}],"version-history":[{"count":0,"href":"https:\/\/diegoldkinder.de\/en\/wp-json\/wp\/v2\/pages\/155\/revisions"}],"wp:attachment":[{"href":"https:\/\/diegoldkinder.de\/en\/wp-json\/wp\/v2\/media?parent=155"}],"curies":[{"name":"wp","href":"https:\/\/api.w.org\/{rel}","templated":true}]}}