{"id":156,"date":"2019-03-01T14:18:20","date_gmt":"2019-03-01T13:18:20","guid":{"rendered":"https:\/\/diegoldkinder.de\/website_2019\/kunden\/"},"modified":"2024-06-10T08:33:42","modified_gmt":"2024-06-10T06:33:42","slug":"clients","status":"publish","type":"page","link":"https:\/\/diegoldkinder.de\/en\/clients\/","title":{"rendered":"Clients"},"content":{"rendered":"<h3><strong>LIFESTYLE<\/strong><\/h3>\n<p>Adlon Holding<br \/>\nCurt Bauer<br \/>\nDermalogica<br \/>\nGerry Weber<br \/>\nm\u00f6ve<br \/>\nL\u2019Or\u00e9al<br \/>\nsyoss<br \/>\nShiseido<br \/>\nic! berlin<br \/>\nbloom &amp; bell<br \/>\nHolmes Place<br \/>\nVerena von Pufendorf<\/p>\n<h3>FOOD &amp; BEVERAGES<\/h3>\n<p>Aperol<br \/>\nCampari<br \/>\nCoca-Cola European Partners<br \/>\nGlash\u00e4ger<br \/>\nHeineken<br \/>\nJulius Meinl<br \/>\nKitKat<br \/>\nOttakringer<br \/>\nSch\u00f6ller Eis<br \/>\nV\u00f6slauer Mineralwasser<br \/>\nZuckerberg<\/p>\n<h3>NON PROFIT<\/h3>\n<p>BUND<br \/>\nBiKo Berlin<br \/>\nDeutsche Aids-Hilfe<br \/>\nDynamis e.V.<br \/>\nJES Bundesverband<br \/>\nTreptow Kolleg<\/p>\n<h3 class=\"LC20lb\">PHARMACEUTICALS<\/h3>\n<p>Boehringer Ingelheim<br \/>\nBerlin Chemie<br \/>\nFresenius<\/p>\n<h3>ENTERTAINMENT<\/h3>\n<p>DCM<br \/>\nFischer &amp; Partner<br \/>\nLAIKA Artist Management<br \/>\nMermaid Records<br \/>\nSemmel<br \/>\nSky \u00d6sterreich<br \/>\nStella Polaris Music<br \/>\nVerband der Agenturen (vda)<\/p>\n<h3>TOURISM<\/h3>\n<p>Arosa B\u00e4renland<br \/>\nBrandenburg an der Havel<br \/>\nEdelweiss<br \/>\nGrand Tour Switzerland<br \/>\nGrindelwald-M\u00e4nnlichen<br \/>\nObergoms<br \/>\nSalzburger Burgen &amp; Schl\u00f6sser<\/p>\n<h3>LAW &amp; FINANCES<\/h3>\n<p>aera<br \/>\nDeutsche Bank<br \/>\nHerzog IP<br \/>\nING<br \/>\nKfW<br \/>\nKPMG<br \/>\nOgletree Deakins<br \/>\nSch\u00fcrmann Rosenthal Dreyer Rechtsanw\u00e4lte<br \/>\nMfG Fine Art Capital<\/p>\n<h3>EVENTS<\/h3>\n<p>B\u00f8rnefestiBAL<br \/>\nRostock Cruise Festival<br \/>\nStella Polaris Festival<\/p>\n<h3>ARCHITECTURE, DESIGN, ART<\/h3>\n<p>ARNDT Art Gallery<br \/>\nBAP. Architekten &amp; Ingenieure<br \/>\nBASD Architekten<br \/>\nconfirm AG<br \/>\nErlebnisplan<br \/>\nFidea Design<br \/>\nSammlung Wemh\u00f6ner<\/p>\n<h3>ENERGY<\/h3>\n<p>Shell<br \/>\nStiftung Offshore Windenergie<br \/>\n50hertz<\/p>\n<p>&nbsp;<\/p>\n","protected":false},"excerpt":{"rendered":"<p>LIFESTYLE Adlon Holding Curt Bauer Dermalogica Gerry Weber m\u00f6ve L\u2019Or\u00e9al syoss Shiseido ic! berlin bloom &amp; bell Holmes Place Verena von Pufendorf FOOD &amp; BEVERAGES Aperol Campari Coca-Cola European Partners Glash\u00e4ger Heineken Julius Meinl KitKat Ottakringer Sch\u00f6ller Eis V\u00f6slauer Mineralwasser Zuckerberg NON PROFIT BUND BiKo Berlin Deutsche Aids-Hilfe Dynamis e.V. [&hellip;]<\/p>\n","protected":false},"author":1,"featured_media":0,"parent":0,"menu_order":0,"comment_status":"closed","ping_status":"closed","template":"","meta":{"_acf_changed":false,"footnotes":""},"class_list":["post-156","page","type-page","status-publish","hentry"],"acf":[],"_links":{"self":[{"href":"https:\/\/diegoldkinder.de\/en\/wp-json\/wp\/v2\/pages\/156","targetHints":{"allow":["GET"]}}],"collection":[{"href":"https:\/\/diegoldkinder.de\/en\/wp-json\/wp\/v2\/pages"}],"about":[{"href":"https:\/\/diegoldkinder.de\/en\/wp-json\/wp\/v2\/types\/page"}],"author":[{"embeddable":true,"href":"https:\/\/diegoldkinder.de\/en\/wp-json\/wp\/v2\/users\/1"}],"replies":[{"embeddable":true,"href":"https:\/\/diegoldkinder.de\/en\/wp-json\/wp\/v2\/comments?post=156"}],"version-history":[{"count":0,"href":"https:\/\/diegoldkinder.de\/en\/wp-json\/wp\/v2\/pages\/156\/revisions"}],"wp:attachment":[{"href":"https:\/\/diegoldkinder.de\/en\/wp-json\/wp\/v2\/media?parent=156"}],"curies":[{"name":"wp","href":"https:\/\/api.w.org\/{rel}","templated":true}]}}